{"id":127,"date":"2023-01-11T15:28:34","date_gmt":"2023-01-11T15:28:34","guid":{"rendered":"https:\/\/assessoriapages.com\/?page_id=127"},"modified":"2025-06-05T14:56:21","modified_gmt":"2025-06-05T14:56:21","slug":"equipo","status":"publish","type":"page","link":"https:\/\/assessoriapages.com\/es\/equipo\/","title":{"rendered":"Equipo"},"content":{"rendered":"<section class=\"l-section wpb_row us_custom_19737bc8 height_medium\"><div class=\"l-section-h i-cf\"><div class=\"g-cols vc_row via_grid cols_1 laptops-cols_inherit tablets-cols_inherit mobiles-cols_1 valign_top type_default stacking_default\"><div class=\"wpb_column vc_column_container us_custom_8ac49502 has_bg_color\"><div class=\"vc_column-inner\"><div class=\"wpb_text_column us_custom_4adbe676 has_text_color\"><div class=\"wpb_wrapper\"><h2 style=\"text-align: center;\"><strong>NUESTRO EQUIPO<\/strong><\/h2>\n<\/div><\/div><\/div><\/div><\/div><\/div><\/section><section class=\"l-section wpb_row column-soci height_medium\"><div class=\"l-section-h i-cf\"><div class=\"g-cols vc_row via_grid cols_2 laptops-cols_inherit tablets-cols_inherit mobiles-cols_1 valign_middle type_default stacking_default\"><div class=\"wpb_column vc_column_container us_custom_a25abeb9 hover-float soci us_animate_this has-link\"><div class=\"vc_column-inner\"><div class=\"w-image align_none\"><div url class=\"w-image-h\"><img width=\"560\" height=\"370\" src=\"https:\/\/assessoriapages.com\/wp-content\/uploads\/2023\/01\/isabelPages.jpg\" class=\"attachment-full size-full\" alt=\"\" decoding=\"async\" loading=\"lazy\" srcset=\"https:\/\/assessoriapages.com\/wp-content\/uploads\/2023\/01\/isabelPages.jpg 560w, https:\/\/assessoriapages.com\/wp-content\/uploads\/2023\/01\/isabelPages-300x198.jpg 300w\" sizes=\"(max-width: 560px) 100vw, 560px\" \/><\/div><\/div><div class=\"wpb_text_column us_custom_0f88d837 photo-text has_text_color\"><div class=\"wpb_wrapper\"><p style=\"text-align: center;\"><strong>Isabel Pag\u00e8s Heras<\/strong><br \/>\nSocia<\/p>\n<\/div><\/div><\/div><a href=\"https:\/\/assessoriapages.com\/isabel-pages-heras\/\" class=\"vc_column-link smooth-scroll\" aria-label=\"Enlace\"><\/a><\/div><div class=\"wpb_column vc_column_container us_custom_a25abeb9 hover-float soci us_animate_this has-link\"><div class=\"vc_column-inner\"><div class=\"w-image align_none\"><div url class=\"w-image-h\"><img width=\"560\" height=\"370\" src=\"https:\/\/assessoriapages.com\/wp-content\/uploads\/2023\/01\/francescPages.jpg\" class=\"attachment-full size-full\" alt=\"\" decoding=\"async\" loading=\"lazy\" srcset=\"https:\/\/assessoriapages.com\/wp-content\/uploads\/2023\/01\/francescPages.jpg 560w, https:\/\/assessoriapages.com\/wp-content\/uploads\/2023\/01\/francescPages-300x198.jpg 300w\" sizes=\"(max-width: 560px) 100vw, 560px\" \/><\/div><\/div><div class=\"wpb_text_column us_custom_0f88d837 photo-text has_text_color\"><div class=\"wpb_wrapper\"><p style=\"text-align: center;\"><strong>Francesc Xavier Pag\u00e8s Heras<\/strong><br \/>\nSocio<\/p>\n<\/div><\/div><\/div><a href=\"https:\/\/assessoriapages.com\/francesc-xavier-pages-heras\/\" class=\"vc_column-link smooth-scroll\" aria-label=\"Enlace\"><\/a><\/div><\/div><\/div><\/section><section class=\"l-section wpb_row height_small\"><div class=\"l-section-h i-cf\"><div class=\"g-cols vc_row via_grid cols_3 laptops-cols_inherit tablets-cols_inherit mobiles-cols_1 valign_middle type_default stacking_default\"><div class=\"wpb_column vc_column_container us_custom_4aef74fa hover-float us_animate_this has-link\"><div class=\"vc_column-inner\"><div class=\"w-image align_none\"><div url class=\"w-image-h\"><img width=\"560\" height=\"370\" src=\"https:\/\/assessoriapages.com\/wp-content\/uploads\/2023\/01\/pereEspar.jpg\" class=\"attachment-full size-full\" alt=\"\" decoding=\"async\" loading=\"lazy\" srcset=\"https:\/\/assessoriapages.com\/wp-content\/uploads\/2023\/01\/pereEspar.jpg 560w, https:\/\/assessoriapages.com\/wp-content\/uploads\/2023\/01\/pereEspar-300x198.jpg 300w\" sizes=\"(max-width: 560px) 100vw, 560px\" \/><\/div><\/div><div class=\"wpb_text_column us_custom_0f88d837 photo-text has_text_color\"><div class=\"wpb_wrapper\"><p style=\"text-align: center;\"><strong>Pere Espar Pag\u00e8s<\/strong><br \/>\nAsociado<\/p>\n<\/div><\/div><\/div><a href=\"https:\/\/assessoriapages.com\/pere-espar-pages\/\" class=\"vc_column-link smooth-scroll\" aria-label=\"Enlace\"><\/a><\/div><div class=\"wpb_column vc_column_container us_custom_4aef74fa hover-float us_animate_this has-link\"><div class=\"vc_column-inner\"><div class=\"w-image align_none\"><div url class=\"w-image-h\"><img width=\"560\" height=\"370\" src=\"https:\/\/assessoriapages.com\/wp-content\/uploads\/2023\/05\/DSC02820_web.jpg\" class=\"attachment-full size-full\" alt=\"\" decoding=\"async\" loading=\"lazy\" srcset=\"https:\/\/assessoriapages.com\/wp-content\/uploads\/2023\/05\/DSC02820_web.jpg 560w, https:\/\/assessoriapages.com\/wp-content\/uploads\/2023\/05\/DSC02820_web-300x198.jpg 300w, https:\/\/assessoriapages.com\/wp-content\/uploads\/2023\/05\/DSC02820_web-151x100.jpg 151w\" sizes=\"(max-width: 560px) 100vw, 560px\" \/><\/div><\/div><div class=\"wpb_text_column us_custom_0f88d837 photo-text has_text_color\"><div class=\"wpb_wrapper\"><p style=\"text-align: center;\"><strong>Cl\u00e0udia Pag\u00e8s Hugues<\/strong><br \/>\nAsociada<\/p>\n<\/div><\/div><\/div><a href=\"https:\/\/assessoriapages.com\/claudia-pages-hugues\/\" class=\"vc_column-link smooth-scroll\" aria-label=\"Enlace\"><\/a><\/div><div class=\"wpb_column vc_column_container us_custom_4aef74fa hover-float us_animate_this has-link\"><div class=\"vc_column-inner\"><div class=\"w-image align_none\"><div url class=\"w-image-h\"><img width=\"560\" height=\"370\" src=\"https:\/\/assessoriapages.com\/wp-content\/uploads\/2023\/05\/DSC02828_web.jpg\" class=\"attachment-full size-full\" alt=\"\" decoding=\"async\" loading=\"lazy\" srcset=\"https:\/\/assessoriapages.com\/wp-content\/uploads\/2023\/05\/DSC02828_web.jpg 560w, https:\/\/assessoriapages.com\/wp-content\/uploads\/2023\/05\/DSC02828_web-300x198.jpg 300w, https:\/\/assessoriapages.com\/wp-content\/uploads\/2023\/05\/DSC02828_web-151x100.jpg 151w\" sizes=\"(max-width: 560px) 100vw, 560px\" \/><\/div><\/div><div class=\"wpb_text_column us_custom_0f88d837 photo-text has_text_color\"><div class=\"wpb_wrapper\"><p style=\"text-align: center;\"><strong>Marc Arg\u00fcello Campagnaro<\/strong><br \/>\nResponsable \u00e1rea fiscal<\/p>\n<\/div><\/div><\/div><a href=\"https:\/\/assessoriapages.com\/marc-arguello-campagnaro\/\" class=\"vc_column-link smooth-scroll\" aria-label=\"Enlace\"><\/a><\/div><\/div><\/div><\/section><section class=\"l-section wpb_row height_medium\"><div class=\"l-section-h i-cf\"><div class=\"g-cols vc_row via_grid cols_1 laptops-cols_inherit tablets-cols_inherit mobiles-cols_1 valign_top type_default stacking_default\"><div class=\"wpb_column vc_column_container\"><div class=\"vc_column-inner\"><div class=\"wpb_text_column\"><div class=\"wpb_wrapper\"><p style=\"text-align: center;\"><strong>Departamento laboral y administrativo<\/strong><\/p>\n<\/div><\/div><div class=\"w-separator size_custom with_line width_50 thick_2 style_solid color_border align_center\" style=\"height:5px\"><div class=\"w-separator-h\"><\/div><\/div><div class=\"w-separator size_medium\"><\/div><div class=\"g-cols wpb_row via_grid cols_4 laptops-cols_inherit tablets-cols_inherit mobiles-cols_1 valign_top type_default stacking_default\"><div class=\"wpb_column vc_column_container us_custom_a25abeb9 us_animate_this\"><div class=\"vc_column-inner\"><div class=\"wpb_text_column us_custom_0f88d837 photo-text-small has_text_color\"><div class=\"wpb_wrapper\"><p style=\"text-align: center;\"><strong>Marta Grabulosa Trayter<\/strong><\/p>\n<\/div><\/div><\/div><\/div><div class=\"wpb_column vc_column_container us_custom_a25abeb9 us_animate_this\"><div class=\"vc_column-inner\"><div class=\"wpb_text_column us_custom_0f88d837 photo-text-small has_text_color\"><div class=\"wpb_wrapper\"><p style=\"text-align: center;\"><strong>Jenny S\u00e1nchez L\u00f3pez<\/strong><\/p>\n<\/div><\/div><\/div><\/div><div class=\"wpb_column vc_column_container us_custom_a25abeb9 us_animate_this\"><div class=\"vc_column-inner\"><div class=\"wpb_text_column us_custom_0f88d837 photo-text-small has_text_color\"><div class=\"wpb_wrapper\"><p style=\"text-align: center;\"><strong>Dolors L\u00f3pez Cordon<\/strong><\/p>\n<\/div><\/div><\/div><\/div><div class=\"wpb_column vc_column_container us_custom_a25abeb9 us_animate_this\"><div class=\"vc_column-inner\"><div class=\"wpb_text_column us_custom_0f88d837 photo-text-small has_text_color\"><div class=\"wpb_wrapper\"><p style=\"text-align: center;\"><strong>Sara Floris Salichs<\/strong><\/p>\n<\/div><\/div><\/div><\/div><\/div><div class=\"w-separator size_medium\"><\/div><div class=\"g-cols wpb_row via_grid cols_4 laptops-cols_inherit tablets-cols_inherit mobiles-cols_1 valign_top type_default stacking_default\"><div class=\"wpb_column vc_column_container us_custom_4aef74fa us_animate_this\"><div class=\"vc_column-inner\"><div class=\"wpb_text_column us_custom_0f88d837 photo-text-small has_text_color\"><div class=\"wpb_wrapper\"><p style=\"text-align: center;\"><strong>Clara Santano Moreno<\/strong><\/p>\n<\/div><\/div><\/div><\/div><div class=\"wpb_column vc_column_container us_custom_4aef74fa us_animate_this\"><div class=\"vc_column-inner\"><div class=\"wpb_text_column us_custom_0f88d837 photo-text-small has_text_color\"><div class=\"wpb_wrapper\"><p style=\"text-align: center;\"><strong>Hule Sisoho Damba<\/strong><\/p>\n<\/div><\/div><\/div><\/div><div class=\"wpb_column vc_column_container us_custom_4aef74fa us_animate_this\"><div class=\"vc_column-inner\"><div class=\"wpb_text_column us_custom_0f88d837 photo-text-small has_text_color\"><div class=\"wpb_wrapper\"><p style=\"text-align: center;\"><strong>Dolors Grabulosa Trayter<\/strong><\/p>\n<\/div><\/div><\/div><\/div><div class=\"wpb_column vc_column_container us_custom_4aef74fa us_animate_this\"><div class=\"vc_column-inner\"><div class=\"wpb_text_column us_custom_0f88d837 photo-text-small has_text_color\"><div class=\"wpb_wrapper\"><p style=\"text-align: center;\"><strong>Fina Coll Maynegre<\/strong><\/p>\n<\/div><\/div><\/div><\/div><\/div><div class=\"w-separator size_medium\"><\/div><div class=\"g-cols wpb_row via_grid cols_4 laptops-cols_inherit tablets-cols_inherit mobiles-cols_1 valign_top type_default stacking_default\"><div class=\"wpb_column vc_column_container us_custom_4aef74fa us_animate_this\"><div class=\"vc_column-inner\"><div class=\"wpb_text_column us_custom_0f88d837 photo-text-small has_text_color\"><div class=\"wpb_wrapper\"><p style=\"text-align: center;\"><strong>Olga Companys Mateu<\/strong><\/p>\n<\/div><\/div><\/div><\/div><\/div><\/div><\/div><\/div><\/div><\/section><section class=\"l-section wpb_row height_medium\"><div class=\"l-section-h i-cf\"><div class=\"g-cols vc_row via_grid cols_1 laptops-cols_inherit tablets-cols_inherit mobiles-cols_1 valign_top type_default stacking_default\"><div class=\"wpb_column vc_column_container\"><div class=\"vc_column-inner\"><div class=\"wpb_text_column\"><div class=\"wpb_wrapper\"><p style=\"text-align: center;\"><strong>Departamento fiscal y contable <\/strong><\/p>\n<\/div><\/div><div class=\"w-separator size_custom with_line width_50 thick_2 style_solid color_border align_center\" style=\"height:5px\"><div class=\"w-separator-h\"><\/div><\/div><div class=\"w-separator size_medium\"><\/div><div class=\"g-cols wpb_row via_grid cols_4 laptops-cols_inherit tablets-cols_inherit mobiles-cols_1 valign_top type_default stacking_default\"><div class=\"wpb_column vc_column_container us_custom_a25abeb9 us_animate_this\"><div class=\"vc_column-inner\"><div class=\"wpb_text_column us_custom_0f88d837 photo-text-small has_text_color\"><div class=\"wpb_wrapper\"><p style=\"text-align: center;\"><strong>Marta Corominas Carles<\/strong><\/p>\n<\/div><\/div><\/div><\/div><div class=\"wpb_column vc_column_container us_custom_a25abeb9 us_animate_this\"><div class=\"vc_column-inner\"><div class=\"wpb_text_column us_custom_0f88d837 photo-text-small has_text_color\"><div class=\"wpb_wrapper\"><p style=\"text-align: center;\"><strong>Susana Vinardell Colom<\/strong><\/p>\n<\/div><\/div><\/div><\/div><div class=\"wpb_column vc_column_container us_custom_a25abeb9 us_animate_this\"><div class=\"vc_column-inner\"><div class=\"wpb_text_column us_custom_0f88d837 photo-text-small has_text_color\"><div class=\"wpb_wrapper\"><p style=\"text-align: center;\"><strong>Olga Ferran Tura<\/strong><\/p>\n<\/div><\/div><\/div><\/div><\/div><div class=\"w-separator size_medium\"><\/div><\/div><\/div><\/div><\/div><\/section>\n","protected":false},"excerpt":{"rendered":"NUESTRO EQUIPO Isabel Pag\u00e8s Heras Socia Francesc Xavier Pag\u00e8s Heras Socio Pere Espar Pag\u00e8s Asociado Cl\u00e0udia Pag\u00e8s Hugues Asociada Marc Arg\u00fcello Campagnaro Responsable \u00e1rea fiscal Departamento laboral y administrativo Marta Grabulosa Trayter Jenny S\u00e1nchez L\u00f3pez Dolors L\u00f3pez Cordon Sara Floris Salichs Clara Santano Moreno Hule Sisoho Damba Dolors Grabulosa Trayter Fina Coll Maynegre Olga Companys...","protected":false},"author":1,"featured_media":0,"parent":0,"menu_order":0,"comment_status":"closed","ping_status":"closed","template":"","meta":[],"yoast_head":"<!-- This site is optimized with the Yoast SEO plugin v20.12 - https:\/\/yoast.com\/wordpress\/plugins\/seo\/ -->\n<title>Equipo - Assessoria Pag\u00e8s<\/title>\n<meta name=\"robots\" content=\"index, follow, max-snippet:-1, max-image-preview:large, max-video-preview:-1\" \/>\n<link rel=\"canonical\" href=\"https:\/\/assessoriapages.com\/es\/equipo\/\" \/>\n<meta property=\"og:locale\" content=\"es_ES\" \/>\n<meta property=\"og:type\" content=\"article\" \/>\n<meta property=\"og:title\" content=\"Equipo - Assessoria Pag\u00e8s\" \/>\n<meta property=\"og:url\" content=\"https:\/\/assessoriapages.com\/es\/equipo\/\" \/>\n<meta property=\"og:site_name\" content=\"Assessoria Pag\u00e8s\" \/>\n<meta property=\"article:modified_time\" content=\"2025-06-05T14:56:21+00:00\" \/>\n<meta name=\"twitter:card\" content=\"summary_large_image\" \/>\n<meta name=\"twitter:label1\" content=\"Tiempo de lectura\" \/>\n\t<meta name=\"twitter:data1\" content=\"2 minutos\" \/>\n<script type=\"application\/ld+json\" class=\"yoast-schema-graph\">{\"@context\":\"https:\/\/schema.org\",\"@graph\":[{\"@type\":\"WebPage\",\"@id\":\"https:\/\/assessoriapages.com\/es\/equipo\/\",\"url\":\"https:\/\/assessoriapages.com\/es\/equipo\/\",\"name\":\"Equipo - Assessoria Pag\u00e8s\",\"isPartOf\":{\"@id\":\"https:\/\/assessoriapages.com\/#website\"},\"datePublished\":\"2023-01-11T15:28:34+00:00\",\"dateModified\":\"2025-06-05T14:56:21+00:00\",\"breadcrumb\":{\"@id\":\"https:\/\/assessoriapages.com\/es\/equipo\/#breadcrumb\"},\"inLanguage\":\"es\",\"potentialAction\":[{\"@type\":\"ReadAction\",\"target\":[\"https:\/\/assessoriapages.com\/es\/equipo\/\"]}]},{\"@type\":\"BreadcrumbList\",\"@id\":\"https:\/\/assessoriapages.com\/es\/equipo\/#breadcrumb\",\"itemListElement\":[{\"@type\":\"ListItem\",\"position\":1,\"name\":\"Portada\",\"item\":\"https:\/\/assessoriapages.com\/\"},{\"@type\":\"ListItem\",\"position\":2,\"name\":\"Equipo\"}]},{\"@type\":\"WebSite\",\"@id\":\"https:\/\/assessoriapages.com\/#website\",\"url\":\"https:\/\/assessoriapages.com\/\",\"name\":\"Assessoria Pag\u00e8s\",\"description\":\"\",\"potentialAction\":[{\"@type\":\"SearchAction\",\"target\":{\"@type\":\"EntryPoint\",\"urlTemplate\":\"https:\/\/assessoriapages.com\/?s={search_term_string}\"},\"query-input\":\"required name=search_term_string\"}],\"inLanguage\":\"es\"}]}<\/script>\n<!-- \/ Yoast SEO plugin. -->","yoast_head_json":{"title":"Equipo - Assessoria Pag\u00e8s","robots":{"index":"index","follow":"follow","max-snippet":"max-snippet:-1","max-image-preview":"max-image-preview:large","max-video-preview":"max-video-preview:-1"},"canonical":"https:\/\/assessoriapages.com\/es\/equipo\/","og_locale":"es_ES","og_type":"article","og_title":"Equipo - Assessoria Pag\u00e8s","og_url":"https:\/\/assessoriapages.com\/es\/equipo\/","og_site_name":"Assessoria Pag\u00e8s","article_modified_time":"2025-06-05T14:56:21+00:00","twitter_card":"summary_large_image","twitter_misc":{"Tiempo de lectura":"2 minutos"},"schema":{"@context":"https:\/\/schema.org","@graph":[{"@type":"WebPage","@id":"https:\/\/assessoriapages.com\/es\/equipo\/","url":"https:\/\/assessoriapages.com\/es\/equipo\/","name":"Equipo - Assessoria Pag\u00e8s","isPartOf":{"@id":"https:\/\/assessoriapages.com\/#website"},"datePublished":"2023-01-11T15:28:34+00:00","dateModified":"2025-06-05T14:56:21+00:00","breadcrumb":{"@id":"https:\/\/assessoriapages.com\/es\/equipo\/#breadcrumb"},"inLanguage":"es","potentialAction":[{"@type":"ReadAction","target":["https:\/\/assessoriapages.com\/es\/equipo\/"]}]},{"@type":"BreadcrumbList","@id":"https:\/\/assessoriapages.com\/es\/equipo\/#breadcrumb","itemListElement":[{"@type":"ListItem","position":1,"name":"Portada","item":"https:\/\/assessoriapages.com\/"},{"@type":"ListItem","position":2,"name":"Equipo"}]},{"@type":"WebSite","@id":"https:\/\/assessoriapages.com\/#website","url":"https:\/\/assessoriapages.com\/","name":"Assessoria Pag\u00e8s","description":"","potentialAction":[{"@type":"SearchAction","target":{"@type":"EntryPoint","urlTemplate":"https:\/\/assessoriapages.com\/?s={search_term_string}"},"query-input":"required name=search_term_string"}],"inLanguage":"es"}]}},"_links":{"self":[{"href":"https:\/\/assessoriapages.com\/es\/wp-json\/wp\/v2\/pages\/127"}],"collection":[{"href":"https:\/\/assessoriapages.com\/es\/wp-json\/wp\/v2\/pages"}],"about":[{"href":"https:\/\/assessoriapages.com\/es\/wp-json\/wp\/v2\/types\/page"}],"author":[{"embeddable":true,"href":"https:\/\/assessoriapages.com\/es\/wp-json\/wp\/v2\/users\/1"}],"replies":[{"embeddable":true,"href":"https:\/\/assessoriapages.com\/es\/wp-json\/wp\/v2\/comments?post=127"}],"version-history":[{"count":88,"href":"https:\/\/assessoriapages.com\/es\/wp-json\/wp\/v2\/pages\/127\/revisions"}],"predecessor-version":[{"id":668,"href":"https:\/\/assessoriapages.com\/es\/wp-json\/wp\/v2\/pages\/127\/revisions\/668"}],"wp:attachment":[{"href":"https:\/\/assessoriapages.com\/es\/wp-json\/wp\/v2\/media?parent=127"}],"curies":[{"name":"wp","href":"https:\/\/api.w.org\/{rel}","templated":true}]}}