{"id":172,"date":"2023-01-12T09:36:51","date_gmt":"2023-01-12T09:36:51","guid":{"rendered":"https:\/\/assessoriapages.com\/?page_id=172"},"modified":"2025-01-09T09:30:24","modified_gmt":"2025-01-09T09:30:24","slug":"contacto","status":"publish","type":"page","link":"https:\/\/assessoriapages.com\/es\/contacto\/","title":{"rendered":"Contacto"},"content":{"rendered":"<section class=\"l-section wpb_row height_medium\"><div class=\"l-section-h i-cf\"><div class=\"g-cols vc_row via_grid cols_2 laptops-cols_inherit tablets-cols_inherit mobiles-cols_1 valign_top type_default stacking_default\"><div class=\"wpb_column vc_column_container\"><div class=\"vc_column-inner\">\n<div class=\"wpcf7 no-js\" id=\"wpcf7-f174-o1\" lang=\"es-ES\" dir=\"ltr\">\n<div class=\"screen-reader-response\"><p role=\"status\" aria-live=\"polite\" aria-atomic=\"true\"><\/p> <ul><\/ul><\/div>\n<form action=\"\/es\/wp-json\/wp\/v2\/pages\/172#wpcf7-f174-o1\" method=\"post\" class=\"wpcf7-form init\" aria-label=\"Formulario de contacto\" novalidate=\"novalidate\" data-status=\"init\">\n<div style=\"display: none;\">\n<input type=\"hidden\" name=\"_wpcf7\" value=\"174\" \/>\n<input type=\"hidden\" name=\"_wpcf7_version\" value=\"5.7.7\" \/>\n<input type=\"hidden\" name=\"_wpcf7_locale\" value=\"es_ES\" \/>\n<input type=\"hidden\" name=\"_wpcf7_unit_tag\" value=\"wpcf7-f174-o1\" \/>\n<input type=\"hidden\" name=\"_wpcf7_container_post\" value=\"0\" \/>\n<input type=\"hidden\" name=\"_wpcf7_posted_data_hash\" value=\"\" \/>\n<input type=\"hidden\" name=\"_wpcf7_recaptcha_response\" value=\"\" \/>\n<\/div>\n<p><label> Tu nombre<br \/>\n<span class=\"wpcf7-form-control-wrap\" data-name=\"your-name\"><input size=\"40\" class=\"wpcf7-form-control wpcf7-text wpcf7-validates-as-required\" autocomplete=\"name\" aria-required=\"true\" aria-invalid=\"false\" value=\"\" type=\"text\" name=\"your-name\" \/><\/span> <\/label>\n<\/p>\n<p><label> Tu correo electr\u00f3nico<br \/>\n<span class=\"wpcf7-form-control-wrap\" data-name=\"your-email\"><input size=\"40\" class=\"wpcf7-form-control wpcf7-text wpcf7-email wpcf7-validates-as-required wpcf7-validates-as-email\" autocomplete=\"email\" aria-required=\"true\" aria-invalid=\"false\" value=\"\" type=\"email\" name=\"your-email\" \/><\/span> <\/label>\n<\/p>\n<p><label> Tu tel\u00e9fono<br \/>\n<span class=\"wpcf7-form-control-wrap\" data-name=\"tel-205\"><input size=\"40\" class=\"wpcf7-form-control wpcf7-text wpcf7-tel wpcf7-validates-as-required wpcf7-validates-as-tel\" aria-required=\"true\" aria-invalid=\"false\" value=\"\" type=\"tel\" name=\"tel-205\" \/><\/span> <\/label>\n<\/p>\n<p><label> Tu mensaje<br \/>\n<span class=\"wpcf7-form-control-wrap\" data-name=\"your-message\"><textarea cols=\"40\" rows=\"10\" class=\"wpcf7-form-control wpcf7-textarea wpcf7-validates-as-required\" aria-required=\"true\" aria-invalid=\"false\" name=\"your-message\"><\/textarea><\/span> <\/label>\n<\/p>\n<p><label class=\"acceptance\"><span class=\"wpcf7-form-control-wrap\" data-name=\"acceptance-600\"><span class=\"wpcf7-form-control wpcf7-acceptance\"><span class=\"wpcf7-list-item\"><label><input type=\"checkbox\" name=\"acceptance-600\" value=\"1\" aria-invalid=\"false\" \/><span class=\"wpcf7-list-item-label\">Consiento que ASSESSORIA PAG\u00c8S trate mis datos personales seg\u00fan el establecido a continuaci\u00f3n:\n<b>RESPONSABLE:<\/b> ASSESSORIA PAG\u00c8S.\n<b>FINALIDAD:<\/b> Gestionar la consulta.\n<b>LEGITIMACI\u00d3N:<\/b> Consentimiento del interesado.\n<b>DESTINATARIOS:<\/b> No hay terceros destinatarios.\n<b>DERECHOS:<\/b> Puede ejercer en cualquier momento sus derechos de acceso, rectificaci\u00f3n, supresi\u00f3n, oposici\u00f3n y dem\u00e1s derechos legalmente establecidos enviando la petici\u00f3n a <a href=\"mailto:info@assessoriapages.com\">info@assessoriapages.com<\/a>.\n<br>M\u00e1s informaci\u00f3n: <a href=\"https:\/\/assessoriapages.com\/politica-de-privacidad\/\">Pol\u00edtica de privacidad<\/a><\/span><\/label><\/span><\/span><\/span><\/label>\n<\/p>\n<p><input class=\"wpcf7-form-control has-spinner wpcf7-submit\" type=\"submit\" value=\"Enviar\" \/>\n<\/p><div class=\"wpcf7-response-output\" aria-hidden=\"true\"><\/div>\n<\/form>\n<\/div>\n<\/div><\/div><div class=\"wpb_column vc_column_container\"><div class=\"vc_column-inner\"><div class=\"w-separator size_medium\"><\/div><div class=\"w-iconbox us_custom_ff13c409 us_animate_this iconpos_left style_outlined color_custom align_left no_text\"><div class=\"w-iconbox-icon\" style=\"font-size:1.5rem;--icon-color:#CE1127;--icon-bg-color:#CE1127;\"><i class=\"fas fa-map-marker-alt\"><\/i><\/div><div class=\"w-iconbox-meta\"><p class=\"w-iconbox-title\">Pla\u00e7a del Doctor Rovira n\u00ba 4, 1r pis 17820 Banyoles<\/p><\/div><\/div><div class=\"w-separator size_medium\"><\/div><div class=\"w-iconbox us_custom_66f1a208 us_animate_this iconpos_left style_outlined color_custom align_left no_text\"><a href=\"tel:972572466\" class=\"w-iconbox-link\" aria-label=\"Tel\u00e9fono: 972 57 24 66 \/ 972 57 51 11 Fax: 972 57 50 00\"><div class=\"w-iconbox-icon\" style=\"font-size:1.5rem;--icon-color:#CE1127;--icon-bg-color:#CE1127;\"><i class=\"fas fa-phone\"><\/i><\/div><\/a><div class=\"w-iconbox-meta\"><a href=\"tel:972572466\" class=\"w-iconbox-link\" aria-label=\"Tel\u00e9fono: 972 57 24 66 \/ 972 57 51 11 Fax: 972 57 50 00\"><p class=\"w-iconbox-title\">Tel\u00e9fono: 972 57 24 66 \/ 972 57 51 11 Fax: 972 57 50 00<\/p><\/a><\/div><\/div><div class=\"w-separator size_medium\"><\/div><div class=\"w-iconbox us_custom_a77f7dc8 us_animate_this iconpos_left style_outlined color_custom align_left no_text\"><div class=\"w-iconbox-icon\" style=\"font-size:1.5rem;--icon-color:#CE1127;--icon-bg-color:#CE1127;\"><i class=\"fas fa-envelope\"><\/i><\/div><div class=\"w-iconbox-meta\"><p class=\"w-iconbox-title\">info@assessoriapages.com<\/p><\/div><\/div><div class=\"w-separator size_medium\"><\/div><div class=\"w-iconbox us_custom_3487890e us_animate_this iconpos_left style_outlined color_custom align_left no_text\"><div class=\"w-iconbox-icon\" style=\"font-size:1.5rem;--icon-color:#CE1127;--icon-bg-color:#CE1127;\"><i class=\"fas fa-clock\"><\/i><\/div><div class=\"w-iconbox-meta\"><p class=\"w-iconbox-title\">L-J de 9:00h a 14:00 y de 15:00 a 18:00<br \/>\nV de 8:00h a 16:00h<\/p><\/div><\/div><\/div><\/div><\/div><\/div><\/section><section class=\"l-section wpb_row height_auto width_full\"><div class=\"l-section-h i-cf\"><div class=\"g-cols vc_row via_grid cols_1 laptops-cols_inherit tablets-cols_inherit mobiles-cols_1 valign_top type_default stacking_default\"><div class=\"wpb_column vc_column_container\"><div class=\"vc_column-inner\"><div class=\"w-html\"><div style=\"width: 100%\"><iframe width=\"100%\" height=\"600\" frameborder=\"0\" scrolling=\"no\" marginheight=\"0\" marginwidth=\"0\" src=\"https:\/\/maps.google.com\/maps?width=100%25&amp;height=600&amp;hl=es&amp;q=Pla%C3%A7a%20del%20Doctor%20Rovira,%204,%201er%20pis,%2017820%20Banyoles,%20Girona+(Assessoria%20Pag%C3%A8s)&amp;t=&amp;z=15&amp;ie=UTF8&amp;iwloc=B&amp;output=embed\"><a href=\"https:\/\/www.gps.ie\/car-satnav-gps\/\">Car Navigation Systems<\/a><\/iframe><\/div><\/div><\/div><\/div><\/div><\/div><\/section>\n","protected":false},"excerpt":{"rendered":"Tu nombre Tu correo electr\u00f3nico Tu tel\u00e9fono Tu mensaje Consiento que ASSESSORIA PAG\u00c8S trate mis datos personales seg\u00fan el establecido a continuaci\u00f3n: RESPONSABLE: ASSESSORIA PAG\u00c8S. FINALIDAD: Gestionar la consulta. LEGITIMACI\u00d3N: Consentimiento del interesado. DESTINATARIOS: No hay terceros destinatarios. DERECHOS: Puede ejercer en cualquier momento sus derechos de acceso, rectificaci\u00f3n, supresi\u00f3n, oposici\u00f3n y dem\u00e1s derechos legalmente...","protected":false},"author":1,"featured_media":0,"parent":0,"menu_order":0,"comment_status":"closed","ping_status":"closed","template":"","meta":[],"yoast_head":"<!-- This site is optimized with the Yoast SEO plugin v20.12 - https:\/\/yoast.com\/wordpress\/plugins\/seo\/ -->\n<title>Contacto - Assessoria Pag\u00e8s<\/title>\n<meta name=\"robots\" content=\"index, follow, max-snippet:-1, max-image-preview:large, max-video-preview:-1\" \/>\n<link rel=\"canonical\" href=\"https:\/\/assessoriapages.com\/es\/contacto\/\" \/>\n<meta property=\"og:locale\" content=\"es_ES\" \/>\n<meta property=\"og:type\" content=\"article\" \/>\n<meta property=\"og:title\" content=\"Contacto - Assessoria Pag\u00e8s\" \/>\n<meta property=\"og:url\" content=\"https:\/\/assessoriapages.com\/es\/contacto\/\" \/>\n<meta property=\"og:site_name\" content=\"Assessoria Pag\u00e8s\" \/>\n<meta property=\"article:modified_time\" content=\"2025-01-09T09:30:24+00:00\" \/>\n<meta name=\"twitter:card\" content=\"summary_large_image\" \/>\n<meta name=\"twitter:label1\" content=\"Tiempo de lectura\" \/>\n\t<meta name=\"twitter:data1\" content=\"1 minuto\" \/>\n<script type=\"application\/ld+json\" class=\"yoast-schema-graph\">{\"@context\":\"https:\/\/schema.org\",\"@graph\":[{\"@type\":\"WebPage\",\"@id\":\"https:\/\/assessoriapages.com\/es\/contacto\/\",\"url\":\"https:\/\/assessoriapages.com\/es\/contacto\/\",\"name\":\"Contacto - Assessoria Pag\u00e8s\",\"isPartOf\":{\"@id\":\"https:\/\/assessoriapages.com\/#website\"},\"datePublished\":\"2023-01-12T09:36:51+00:00\",\"dateModified\":\"2025-01-09T09:30:24+00:00\",\"breadcrumb\":{\"@id\":\"https:\/\/assessoriapages.com\/es\/contacto\/#breadcrumb\"},\"inLanguage\":\"es\",\"potentialAction\":[{\"@type\":\"ReadAction\",\"target\":[\"https:\/\/assessoriapages.com\/es\/contacto\/\"]}]},{\"@type\":\"BreadcrumbList\",\"@id\":\"https:\/\/assessoriapages.com\/es\/contacto\/#breadcrumb\",\"itemListElement\":[{\"@type\":\"ListItem\",\"position\":1,\"name\":\"Portada\",\"item\":\"https:\/\/assessoriapages.com\/\"},{\"@type\":\"ListItem\",\"position\":2,\"name\":\"Contacto\"}]},{\"@type\":\"WebSite\",\"@id\":\"https:\/\/assessoriapages.com\/#website\",\"url\":\"https:\/\/assessoriapages.com\/\",\"name\":\"Assessoria Pag\u00e8s\",\"description\":\"\",\"potentialAction\":[{\"@type\":\"SearchAction\",\"target\":{\"@type\":\"EntryPoint\",\"urlTemplate\":\"https:\/\/assessoriapages.com\/?s={search_term_string}\"},\"query-input\":\"required name=search_term_string\"}],\"inLanguage\":\"es\"}]}<\/script>\n<!-- \/ Yoast SEO plugin. -->","yoast_head_json":{"title":"Contacto - Assessoria Pag\u00e8s","robots":{"index":"index","follow":"follow","max-snippet":"max-snippet:-1","max-image-preview":"max-image-preview:large","max-video-preview":"max-video-preview:-1"},"canonical":"https:\/\/assessoriapages.com\/es\/contacto\/","og_locale":"es_ES","og_type":"article","og_title":"Contacto - Assessoria Pag\u00e8s","og_url":"https:\/\/assessoriapages.com\/es\/contacto\/","og_site_name":"Assessoria Pag\u00e8s","article_modified_time":"2025-01-09T09:30:24+00:00","twitter_card":"summary_large_image","twitter_misc":{"Tiempo de lectura":"1 minuto"},"schema":{"@context":"https:\/\/schema.org","@graph":[{"@type":"WebPage","@id":"https:\/\/assessoriapages.com\/es\/contacto\/","url":"https:\/\/assessoriapages.com\/es\/contacto\/","name":"Contacto - Assessoria Pag\u00e8s","isPartOf":{"@id":"https:\/\/assessoriapages.com\/#website"},"datePublished":"2023-01-12T09:36:51+00:00","dateModified":"2025-01-09T09:30:24+00:00","breadcrumb":{"@id":"https:\/\/assessoriapages.com\/es\/contacto\/#breadcrumb"},"inLanguage":"es","potentialAction":[{"@type":"ReadAction","target":["https:\/\/assessoriapages.com\/es\/contacto\/"]}]},{"@type":"BreadcrumbList","@id":"https:\/\/assessoriapages.com\/es\/contacto\/#breadcrumb","itemListElement":[{"@type":"ListItem","position":1,"name":"Portada","item":"https:\/\/assessoriapages.com\/"},{"@type":"ListItem","position":2,"name":"Contacto"}]},{"@type":"WebSite","@id":"https:\/\/assessoriapages.com\/#website","url":"https:\/\/assessoriapages.com\/","name":"Assessoria Pag\u00e8s","description":"","potentialAction":[{"@type":"SearchAction","target":{"@type":"EntryPoint","urlTemplate":"https:\/\/assessoriapages.com\/?s={search_term_string}"},"query-input":"required name=search_term_string"}],"inLanguage":"es"}]}},"_links":{"self":[{"href":"https:\/\/assessoriapages.com\/es\/wp-json\/wp\/v2\/pages\/172"}],"collection":[{"href":"https:\/\/assessoriapages.com\/es\/wp-json\/wp\/v2\/pages"}],"about":[{"href":"https:\/\/assessoriapages.com\/es\/wp-json\/wp\/v2\/types\/page"}],"author":[{"embeddable":true,"href":"https:\/\/assessoriapages.com\/es\/wp-json\/wp\/v2\/users\/1"}],"replies":[{"embeddable":true,"href":"https:\/\/assessoriapages.com\/es\/wp-json\/wp\/v2\/comments?post=172"}],"version-history":[{"count":16,"href":"https:\/\/assessoriapages.com\/es\/wp-json\/wp\/v2\/pages\/172\/revisions"}],"predecessor-version":[{"id":660,"href":"https:\/\/assessoriapages.com\/es\/wp-json\/wp\/v2\/pages\/172\/revisions\/660"}],"wp:attachment":[{"href":"https:\/\/assessoriapages.com\/es\/wp-json\/wp\/v2\/media?parent=172"}],"curies":[{"name":"wp","href":"https:\/\/api.w.org\/{rel}","templated":true}]}}