{"id":282,"date":"2023-01-25T08:34:26","date_gmt":"2023-01-25T08:34:26","guid":{"rendered":"https:\/\/assessoriapages.com\/?page_id=282"},"modified":"2023-05-12T11:23:00","modified_gmt":"2023-05-12T11:23:00","slug":"francesc-xavier-pages-heras","status":"publish","type":"page","link":"https:\/\/assessoriapages.com\/es\/francesc-xavier-pages-heras\/","title":{"rendered":"Francesc Xavier Pag\u00e8s Heras"},"content":{"rendered":"<section class=\"l-section wpb_row height_medium\"><div class=\"l-section-h i-cf\"><div class=\"g-cols vc_row via_grid cols_1-3 laptops-cols_inherit tablets-cols_inherit mobiles-cols_1 valign_top type_default stacking_default\"><div class=\"wpb_column vc_column_container type_sticky\"><div class=\"vc_column-inner\"><div class=\"w-image style_shadow-2 align_none\"><div url class=\"w-image-h\"><div class=\"w-image-shadow\" style=\"background-image:url(https:\/\/assessoriapages.com\/wp-content\/uploads\/2023\/01\/francescPages.jpg);\"><\/div><img width=\"560\" height=\"370\" src=\"https:\/\/assessoriapages.com\/wp-content\/uploads\/2023\/01\/francescPages.jpg\" class=\"attachment-large size-large\" alt=\"\" decoding=\"async\" loading=\"lazy\" srcset=\"https:\/\/assessoriapages.com\/wp-content\/uploads\/2023\/01\/francescPages.jpg 560w, https:\/\/assessoriapages.com\/wp-content\/uploads\/2023\/01\/francescPages-300x198.jpg 300w\" sizes=\"(max-width: 560px) 100vw, 560px\" \/><\/div><\/div><\/div><\/div><div class=\"wpb_column vc_column_container\"><div class=\"vc_column-inner\"><div class=\"wpb_text_column us_custom_9cf38ff7\"><div class=\"wpb_wrapper\"><h4><strong>Francesc Xavier Pag\u00e8s Heras<\/strong><\/h4>\n<p style=\"text-align: left;\"><strong>Socio<\/strong><\/p>\n<p>Es licenciado en Derecho por la Universidad de Barcelona (1987).<\/p>\n<p>Abogado, colegiado n\u00ba 1.103 del Il\u00b7lustre Col\u00b7legi d\u2019Advocats de Girona. Agente de seguros y Gestor administrativo.<\/p>\n<p>Especializado en Derecho Laboral, Seguridad Social y en la gesti\u00f3n de todo tipo de temas vinculados con relaciones laborales.<\/p>\n<p>Socio del despacho, es responsable de clientes del \u00e1rea laboral, Seguridad Social y seguros. Se incorpor\u00f3 a la Assessoria Pag\u00e8s en el a\u00f1o 1987 y se encarga de gestionar los temas laborales, desde la confecci\u00f3n de n\u00f3minas, contratos de trabajo y Seguridad Social, hasta todo tipo de Expedientes de Regulaci\u00f3n de Empleo (ERE), despidos, sanciones, etc. Tiene una gran experiencia en procedimientos judiciales, realizando todo tipo de juicios relacionados con la aplicaci\u00f3n de la normativa laboral.<\/p>\n<p>Adicionalmente, durante su carrera profesional ha realizado distintas tareas profesionales relacionadas con el mundo jur\u00eddico y, especialmente, del Derecho Laboral y de la Seguridad Social, de entre las cuales destacan las siguientes:<\/p>\n<ul>\n<li>Miembro activo de la Comisi\u00f3n de Derecho Laboral del Il\u00b7lustre Col\u00b7legi d\u2019Advocats de Girona.<\/li>\n<li>Miembro activo del Tribunal Laboral de Catalunya.<\/li>\n<\/ul>\n<\/div><\/div><\/div><\/div><\/div><\/div><\/section>\n","protected":false},"excerpt":{"rendered":"Francesc Xavier Pag\u00e8s Heras Socio Es licenciado en Derecho por la Universidad de Barcelona (1987). Abogado, colegiado n\u00ba 1.103 del Il\u00b7lustre Col\u00b7legi d\u2019Advocats de Girona. Agente de seguros y Gestor administrativo. Especializado en Derecho Laboral, Seguridad Social y en la gesti\u00f3n de todo tipo de temas vinculados con relaciones laborales. Socio del despacho, es responsable...","protected":false},"author":1,"featured_media":0,"parent":0,"menu_order":0,"comment_status":"closed","ping_status":"closed","template":"","meta":[],"yoast_head":"<!-- This site is optimized with the Yoast SEO plugin v20.12 - https:\/\/yoast.com\/wordpress\/plugins\/seo\/ -->\n<title>Francesc Xavier Pag\u00e8s Heras - Assessoria Pag\u00e8s<\/title>\n<meta name=\"robots\" content=\"index, follow, max-snippet:-1, max-image-preview:large, max-video-preview:-1\" \/>\n<link rel=\"canonical\" href=\"https:\/\/assessoriapages.com\/francesc-xavier-pages-heras\/\" \/>\n<meta property=\"og:locale\" content=\"es_ES\" \/>\n<meta property=\"og:type\" content=\"article\" \/>\n<meta property=\"og:title\" content=\"Francesc Xavier Pag\u00e8s Heras - Assessoria Pag\u00e8s\" \/>\n<meta property=\"og:url\" content=\"https:\/\/assessoriapages.com\/francesc-xavier-pages-heras\/\" \/>\n<meta property=\"og:site_name\" content=\"Assessoria Pag\u00e8s\" \/>\n<meta property=\"article:modified_time\" content=\"2023-05-12T11:23:00+00:00\" \/>\n<meta name=\"twitter:card\" content=\"summary_large_image\" \/>\n<meta name=\"twitter:label1\" content=\"Tiempo de lectura\" \/>\n\t<meta name=\"twitter:data1\" content=\"1 minuto\" \/>\n<script type=\"application\/ld+json\" class=\"yoast-schema-graph\">{\"@context\":\"https:\/\/schema.org\",\"@graph\":[{\"@type\":\"WebPage\",\"@id\":\"https:\/\/assessoriapages.com\/francesc-xavier-pages-heras\/\",\"url\":\"https:\/\/assessoriapages.com\/francesc-xavier-pages-heras\/\",\"name\":\"Francesc Xavier Pag\u00e8s Heras - Assessoria Pag\u00e8s\",\"isPartOf\":{\"@id\":\"https:\/\/assessoriapages.com\/#website\"},\"datePublished\":\"2023-01-25T08:34:26+00:00\",\"dateModified\":\"2023-05-12T11:23:00+00:00\",\"breadcrumb\":{\"@id\":\"https:\/\/assessoriapages.com\/francesc-xavier-pages-heras\/#breadcrumb\"},\"inLanguage\":\"es\",\"potentialAction\":[{\"@type\":\"ReadAction\",\"target\":[\"https:\/\/assessoriapages.com\/francesc-xavier-pages-heras\/\"]}]},{\"@type\":\"BreadcrumbList\",\"@id\":\"https:\/\/assessoriapages.com\/francesc-xavier-pages-heras\/#breadcrumb\",\"itemListElement\":[{\"@type\":\"ListItem\",\"position\":1,\"name\":\"Portada\",\"item\":\"https:\/\/assessoriapages.com\/\"},{\"@type\":\"ListItem\",\"position\":2,\"name\":\"Francesc Xavier Pag\u00e8s Heras\"}]},{\"@type\":\"WebSite\",\"@id\":\"https:\/\/assessoriapages.com\/#website\",\"url\":\"https:\/\/assessoriapages.com\/\",\"name\":\"Assessoria Pag\u00e8s\",\"description\":\"\",\"potentialAction\":[{\"@type\":\"SearchAction\",\"target\":{\"@type\":\"EntryPoint\",\"urlTemplate\":\"https:\/\/assessoriapages.com\/?s={search_term_string}\"},\"query-input\":\"required name=search_term_string\"}],\"inLanguage\":\"es\"}]}<\/script>\n<!-- \/ Yoast SEO plugin. -->","yoast_head_json":{"title":"Francesc Xavier Pag\u00e8s Heras - Assessoria Pag\u00e8s","robots":{"index":"index","follow":"follow","max-snippet":"max-snippet:-1","max-image-preview":"max-image-preview:large","max-video-preview":"max-video-preview:-1"},"canonical":"https:\/\/assessoriapages.com\/francesc-xavier-pages-heras\/","og_locale":"es_ES","og_type":"article","og_title":"Francesc Xavier Pag\u00e8s Heras - Assessoria Pag\u00e8s","og_url":"https:\/\/assessoriapages.com\/francesc-xavier-pages-heras\/","og_site_name":"Assessoria Pag\u00e8s","article_modified_time":"2023-05-12T11:23:00+00:00","twitter_card":"summary_large_image","twitter_misc":{"Tiempo de lectura":"1 minuto"},"schema":{"@context":"https:\/\/schema.org","@graph":[{"@type":"WebPage","@id":"https:\/\/assessoriapages.com\/francesc-xavier-pages-heras\/","url":"https:\/\/assessoriapages.com\/francesc-xavier-pages-heras\/","name":"Francesc Xavier Pag\u00e8s Heras - Assessoria Pag\u00e8s","isPartOf":{"@id":"https:\/\/assessoriapages.com\/#website"},"datePublished":"2023-01-25T08:34:26+00:00","dateModified":"2023-05-12T11:23:00+00:00","breadcrumb":{"@id":"https:\/\/assessoriapages.com\/francesc-xavier-pages-heras\/#breadcrumb"},"inLanguage":"es","potentialAction":[{"@type":"ReadAction","target":["https:\/\/assessoriapages.com\/francesc-xavier-pages-heras\/"]}]},{"@type":"BreadcrumbList","@id":"https:\/\/assessoriapages.com\/francesc-xavier-pages-heras\/#breadcrumb","itemListElement":[{"@type":"ListItem","position":1,"name":"Portada","item":"https:\/\/assessoriapages.com\/"},{"@type":"ListItem","position":2,"name":"Francesc Xavier Pag\u00e8s Heras"}]},{"@type":"WebSite","@id":"https:\/\/assessoriapages.com\/#website","url":"https:\/\/assessoriapages.com\/","name":"Assessoria Pag\u00e8s","description":"","potentialAction":[{"@type":"SearchAction","target":{"@type":"EntryPoint","urlTemplate":"https:\/\/assessoriapages.com\/?s={search_term_string}"},"query-input":"required name=search_term_string"}],"inLanguage":"es"}]}},"_links":{"self":[{"href":"https:\/\/assessoriapages.com\/es\/wp-json\/wp\/v2\/pages\/282"}],"collection":[{"href":"https:\/\/assessoriapages.com\/es\/wp-json\/wp\/v2\/pages"}],"about":[{"href":"https:\/\/assessoriapages.com\/es\/wp-json\/wp\/v2\/types\/page"}],"author":[{"embeddable":true,"href":"https:\/\/assessoriapages.com\/es\/wp-json\/wp\/v2\/users\/1"}],"replies":[{"embeddable":true,"href":"https:\/\/assessoriapages.com\/es\/wp-json\/wp\/v2\/comments?post=282"}],"version-history":[{"count":4,"href":"https:\/\/assessoriapages.com\/es\/wp-json\/wp\/v2\/pages\/282\/revisions"}],"predecessor-version":[{"id":480,"href":"https:\/\/assessoriapages.com\/es\/wp-json\/wp\/v2\/pages\/282\/revisions\/480"}],"wp:attachment":[{"href":"https:\/\/assessoriapages.com\/es\/wp-json\/wp\/v2\/media?parent=282"}],"curies":[{"name":"wp","href":"https:\/\/api.w.org\/{rel}","templated":true}]}}