{"id":471,"date":"2023-05-12T07:31:47","date_gmt":"2023-05-12T07:31:47","guid":{"rendered":"https:\/\/assessoriapages.com\/?page_id=471"},"modified":"2023-05-12T07:31:47","modified_gmt":"2023-05-12T07:31:47","slug":"marc-arguello-campagnaro","status":"publish","type":"page","link":"https:\/\/assessoriapages.com\/es\/marc-arguello-campagnaro\/","title":{"rendered":"Marc Arg\u00fcello Campagnaro"},"content":{"rendered":"<section class=\"l-section wpb_row height_medium\"><div class=\"l-section-h i-cf\"><div class=\"g-cols vc_row via_grid cols_1-3 laptops-cols_inherit tablets-cols_inherit mobiles-cols_1 valign_top type_default stacking_default\"><div class=\"wpb_column vc_column_container type_sticky\"><div class=\"vc_column-inner\"><div class=\"w-image style_shadow-2 align_none\"><div url class=\"w-image-h\"><div class=\"w-image-shadow\" style=\"background-image:url(https:\/\/assessoriapages.com\/wp-content\/uploads\/2023\/05\/DSC02828_web.jpg);\"><\/div><img width=\"560\" height=\"370\" src=\"https:\/\/assessoriapages.com\/wp-content\/uploads\/2023\/05\/DSC02828_web.jpg\" class=\"attachment-large size-large\" alt=\"\" decoding=\"async\" loading=\"lazy\" srcset=\"https:\/\/assessoriapages.com\/wp-content\/uploads\/2023\/05\/DSC02828_web.jpg 560w, https:\/\/assessoriapages.com\/wp-content\/uploads\/2023\/05\/DSC02828_web-300x198.jpg 300w, https:\/\/assessoriapages.com\/wp-content\/uploads\/2023\/05\/DSC02828_web-151x100.jpg 151w\" sizes=\"(max-width: 560px) 100vw, 560px\" \/><\/div><\/div><\/div><\/div><div class=\"wpb_column vc_column_container\"><div class=\"vc_column-inner\"><div class=\"wpb_text_column us_custom_9cf38ff7\"><div class=\"wpb_wrapper\"><h4>Marc Arg\u00fcello Campagnaro<\/h4>\n<p><strong>Responsable \u00e1rea fiscal<\/strong><\/p>\n<p>Diplomado en Ciencias Empresariales por la Universidad De Girona (2009).<\/p>\n<p>Especializaciones en Contabilidad, Auditoria y Derecho Tributario.<\/p>\n<p>Incorporado a la firma en 2021, despu\u00e9s de m\u00e1s de 10 a\u00f1os de experiencia en el sector de la consultor\u00eda como experto en Contabilidad y Fiscalidad.<\/p>\n<\/div><\/div><\/div><\/div><\/div><\/div><\/section>\n","protected":false},"excerpt":{"rendered":"Marc Arg\u00fcello Campagnaro Responsable \u00e1rea fiscal Diplomado en Ciencias Empresariales por la Universidad De Girona (2009). Especializaciones en Contabilidad, Auditoria y Derecho Tributario. Incorporado a la firma en 2021, despu\u00e9s de m\u00e1s de 10 a\u00f1os de experiencia en el sector de la consultor\u00eda como experto en Contabilidad y Fiscalidad.","protected":false},"author":1,"featured_media":0,"parent":0,"menu_order":0,"comment_status":"closed","ping_status":"closed","template":"","meta":[],"yoast_head":"<!-- This site is optimized with the Yoast SEO plugin v20.12 - https:\/\/yoast.com\/wordpress\/plugins\/seo\/ -->\n<title>Marc Arg\u00fcello Campagnaro - Assessoria Pag\u00e8s<\/title>\n<meta name=\"robots\" content=\"index, follow, max-snippet:-1, max-image-preview:large, max-video-preview:-1\" \/>\n<link rel=\"canonical\" href=\"https:\/\/assessoriapages.com\/marc-arguello-campagnaro\/\" \/>\n<meta property=\"og:locale\" content=\"es_ES\" \/>\n<meta property=\"og:type\" content=\"article\" \/>\n<meta property=\"og:title\" content=\"Marc Arg\u00fcello Campagnaro - Assessoria Pag\u00e8s\" \/>\n<meta property=\"og:url\" content=\"https:\/\/assessoriapages.com\/marc-arguello-campagnaro\/\" \/>\n<meta property=\"og:site_name\" content=\"Assessoria Pag\u00e8s\" \/>\n<meta name=\"twitter:card\" content=\"summary_large_image\" \/>\n<meta name=\"twitter:label1\" content=\"Tiempo de lectura\" \/>\n\t<meta name=\"twitter:data1\" content=\"2 minutos\" \/>\n<script type=\"application\/ld+json\" class=\"yoast-schema-graph\">{\"@context\":\"https:\/\/schema.org\",\"@graph\":[{\"@type\":\"WebPage\",\"@id\":\"https:\/\/assessoriapages.com\/marc-arguello-campagnaro\/\",\"url\":\"https:\/\/assessoriapages.com\/marc-arguello-campagnaro\/\",\"name\":\"Marc Arg\u00fcello Campagnaro - Assessoria Pag\u00e8s\",\"isPartOf\":{\"@id\":\"https:\/\/assessoriapages.com\/#website\"},\"datePublished\":\"2023-05-12T07:31:47+00:00\",\"dateModified\":\"2023-05-12T07:31:47+00:00\",\"breadcrumb\":{\"@id\":\"https:\/\/assessoriapages.com\/marc-arguello-campagnaro\/#breadcrumb\"},\"inLanguage\":\"es\",\"potentialAction\":[{\"@type\":\"ReadAction\",\"target\":[\"https:\/\/assessoriapages.com\/marc-arguello-campagnaro\/\"]}]},{\"@type\":\"BreadcrumbList\",\"@id\":\"https:\/\/assessoriapages.com\/marc-arguello-campagnaro\/#breadcrumb\",\"itemListElement\":[{\"@type\":\"ListItem\",\"position\":1,\"name\":\"Portada\",\"item\":\"https:\/\/assessoriapages.com\/\"},{\"@type\":\"ListItem\",\"position\":2,\"name\":\"Marc Arg\u00fcello Campagnaro\"}]},{\"@type\":\"WebSite\",\"@id\":\"https:\/\/assessoriapages.com\/#website\",\"url\":\"https:\/\/assessoriapages.com\/\",\"name\":\"Assessoria Pag\u00e8s\",\"description\":\"\",\"potentialAction\":[{\"@type\":\"SearchAction\",\"target\":{\"@type\":\"EntryPoint\",\"urlTemplate\":\"https:\/\/assessoriapages.com\/?s={search_term_string}\"},\"query-input\":\"required name=search_term_string\"}],\"inLanguage\":\"es\"}]}<\/script>\n<!-- \/ Yoast SEO plugin. -->","yoast_head_json":{"title":"Marc Arg\u00fcello Campagnaro - Assessoria Pag\u00e8s","robots":{"index":"index","follow":"follow","max-snippet":"max-snippet:-1","max-image-preview":"max-image-preview:large","max-video-preview":"max-video-preview:-1"},"canonical":"https:\/\/assessoriapages.com\/marc-arguello-campagnaro\/","og_locale":"es_ES","og_type":"article","og_title":"Marc Arg\u00fcello Campagnaro - Assessoria Pag\u00e8s","og_url":"https:\/\/assessoriapages.com\/marc-arguello-campagnaro\/","og_site_name":"Assessoria Pag\u00e8s","twitter_card":"summary_large_image","twitter_misc":{"Tiempo de lectura":"2 minutos"},"schema":{"@context":"https:\/\/schema.org","@graph":[{"@type":"WebPage","@id":"https:\/\/assessoriapages.com\/marc-arguello-campagnaro\/","url":"https:\/\/assessoriapages.com\/marc-arguello-campagnaro\/","name":"Marc Arg\u00fcello Campagnaro - Assessoria Pag\u00e8s","isPartOf":{"@id":"https:\/\/assessoriapages.com\/#website"},"datePublished":"2023-05-12T07:31:47+00:00","dateModified":"2023-05-12T07:31:47+00:00","breadcrumb":{"@id":"https:\/\/assessoriapages.com\/marc-arguello-campagnaro\/#breadcrumb"},"inLanguage":"es","potentialAction":[{"@type":"ReadAction","target":["https:\/\/assessoriapages.com\/marc-arguello-campagnaro\/"]}]},{"@type":"BreadcrumbList","@id":"https:\/\/assessoriapages.com\/marc-arguello-campagnaro\/#breadcrumb","itemListElement":[{"@type":"ListItem","position":1,"name":"Portada","item":"https:\/\/assessoriapages.com\/"},{"@type":"ListItem","position":2,"name":"Marc Arg\u00fcello Campagnaro"}]},{"@type":"WebSite","@id":"https:\/\/assessoriapages.com\/#website","url":"https:\/\/assessoriapages.com\/","name":"Assessoria Pag\u00e8s","description":"","potentialAction":[{"@type":"SearchAction","target":{"@type":"EntryPoint","urlTemplate":"https:\/\/assessoriapages.com\/?s={search_term_string}"},"query-input":"required name=search_term_string"}],"inLanguage":"es"}]}},"_links":{"self":[{"href":"https:\/\/assessoriapages.com\/es\/wp-json\/wp\/v2\/pages\/471"}],"collection":[{"href":"https:\/\/assessoriapages.com\/es\/wp-json\/wp\/v2\/pages"}],"about":[{"href":"https:\/\/assessoriapages.com\/es\/wp-json\/wp\/v2\/types\/page"}],"author":[{"embeddable":true,"href":"https:\/\/assessoriapages.com\/es\/wp-json\/wp\/v2\/users\/1"}],"replies":[{"embeddable":true,"href":"https:\/\/assessoriapages.com\/es\/wp-json\/wp\/v2\/comments?post=471"}],"version-history":[{"count":1,"href":"https:\/\/assessoriapages.com\/es\/wp-json\/wp\/v2\/pages\/471\/revisions"}],"predecessor-version":[{"id":472,"href":"https:\/\/assessoriapages.com\/es\/wp-json\/wp\/v2\/pages\/471\/revisions\/472"}],"wp:attachment":[{"href":"https:\/\/assessoriapages.com\/es\/wp-json\/wp\/v2\/media?parent=471"}],"curies":[{"name":"wp","href":"https:\/\/api.w.org\/{rel}","templated":true}]}}